{"id":90,"date":"2021-10-04T20:33:13","date_gmt":"2021-10-04T20:33:13","guid":{"rendered":"http:\/\/mejoraregulatoria.sh.guanajuato.gob.mx\/?page_id=90"},"modified":"2021-10-28T17:42:10","modified_gmt":"2021-10-28T17:42:10","slug":"simplifica","status":"publish","type":"page","link":"https:\/\/mejoraregulatoria.sh.guanajuato.gob.mx\/index.php\/simplifica\/","title":{"rendered":"Programa de Simplificaci\u00f3n Administrativa (SIMPLIFICA)"},"content":{"rendered":"\n<figure class=\"wp-block-image size-full\"><img loading=\"lazy\" decoding=\"async\" width=\"1636\" height=\"446\" src=\"https:\/\/mejoraregulatoria.sh.guanajuato.gob.mx\/wp-content\/uploads\/2021\/10\/Seccion-SIMPLIFICA-02.jpg\" alt=\"\" class=\"wp-image-933\" srcset=\"https:\/\/mejoraregulatoria.sh.guanajuato.gob.mx\/wp-content\/uploads\/2021\/10\/Seccion-SIMPLIFICA-02.jpg 1636w, https:\/\/mejoraregulatoria.sh.guanajuato.gob.mx\/wp-content\/uploads\/2021\/10\/Seccion-SIMPLIFICA-02-300x82.jpg 300w, https:\/\/mejoraregulatoria.sh.guanajuato.gob.mx\/wp-content\/uploads\/2021\/10\/Seccion-SIMPLIFICA-02-1024x279.jpg 1024w, https:\/\/mejoraregulatoria.sh.guanajuato.gob.mx\/wp-content\/uploads\/2021\/10\/Seccion-SIMPLIFICA-02-768x209.jpg 768w, https:\/\/mejoraregulatoria.sh.guanajuato.gob.mx\/wp-content\/uploads\/2021\/10\/Seccion-SIMPLIFICA-02-1536x419.jpg 1536w\" sizes=\"auto, (max-width: 1636px) 100vw, 1636px\" \/><\/figure>\n\n\n\n<br>\n\n\n\n<div class=\"wp-block-media-text alignwide has-media-on-the-right is-vertically-aligned-center\" style=\"grid-template-columns:auto 46%\"><figure class=\"wp-block-media-text__media\"><img loading=\"lazy\" decoding=\"async\" width=\"820\" height=\"430\" src=\"http:\/\/mejoraregulatoria.sh.guanajuato.gob.mx\/wp-content\/uploads\/2021\/10\/Seccion-SIMPLIFICA-03.png\" alt=\"\" class=\"wp-image-751\" srcset=\"https:\/\/mejoraregulatoria.sh.guanajuato.gob.mx\/wp-content\/uploads\/2021\/10\/Seccion-SIMPLIFICA-03.png 820w, https:\/\/mejoraregulatoria.sh.guanajuato.gob.mx\/wp-content\/uploads\/2021\/10\/Seccion-SIMPLIFICA-03-300x157.png 300w, https:\/\/mejoraregulatoria.sh.guanajuato.gob.mx\/wp-content\/uploads\/2021\/10\/Seccion-SIMPLIFICA-03-768x403.png 768w\" sizes=\"auto, (max-width: 820px) 100vw, 820px\" \/><\/figure><div class=\"wp-block-media-text__content\">\n<h2 class=\"text-justify\">El Programa de Simplificaci\u00f3n de Cargas Administrativas <strong>(SIMPLIFICA) mide el tiempo<\/strong> que invierte un ciudadano o empresario, desde que obtiene la informaci\u00f3n de un tr\u00e1mite o servicio, hasta que la dependencia emite su resolutivo final.<\/h2>\n\n\n\n<p class=\"text-justify\"><strong>Permite detectar las dependencias gubernamentales con mayor costo social<\/strong>, as\u00ed como <strong>los tr\u00e1mites y servicios con mayor costo dentro de las mismas, <\/strong>y as\u00ed, generar recomendaciones de simplificaci\u00f3n espec\u00edficas.<\/p>\n<\/div><\/div>\n\n\n\n<br>\n\n\n\n<div class=\"wp-block-columns is-layout-flex wp-container-core-columns-is-layout-9d6595d7 wp-block-columns-is-layout-flex\">\n<div class=\"wp-block-column is-layout-flow wp-block-column-is-layout-flow\">\n<h2 class=\"has-text-color wp-block-heading\" style=\"color:#000f9f\">Etapas generales<\/h2>\n\n\n\n<br>\n\n\n\n<figure class=\"wp-block-image size-large\"><img loading=\"lazy\" decoding=\"async\" width=\"808\" height=\"380\" src=\"http:\/\/mejoraregulatoria.sh.guanajuato.gob.mx\/wp-content\/uploads\/2021\/10\/Etapas-Generales.png\" alt=\"\" class=\"wp-image-1376\" srcset=\"https:\/\/mejoraregulatoria.sh.guanajuato.gob.mx\/wp-content\/uploads\/2021\/10\/Etapas-Generales.png 808w, https:\/\/mejoraregulatoria.sh.guanajuato.gob.mx\/wp-content\/uploads\/2021\/10\/Etapas-Generales-300x141.png 300w, https:\/\/mejoraregulatoria.sh.guanajuato.gob.mx\/wp-content\/uploads\/2021\/10\/Etapas-Generales-768x361.png 768w\" sizes=\"auto, (max-width: 808px) 100vw, 808px\" \/><\/figure>\n<\/div>\n\n\n\n<div class=\"wp-block-column is-layout-flow wp-block-column-is-layout-flow\">\n<p><strong>Objetivos<\/strong><\/p>\n\n\n\n<p>\n<li style=\"color:#383839\" class=\"has-text-color\">Eliminar requisitos complejos e innecesarios solicitados a los usuarios.<\/li><li style=\"color:#383839\" class=\"has-text-color\">Promover la transparencia al interior de las dependencias de gobierno.<\/li><li style=\"color:#383839\" class=\"has-text-color\"> Favorecer a un proceso de modernizaci\u00f3n administrativa.<\/li><li style=\"color:#383839\" class=\"has-text-color\"> Generar mayores est\u00e1ndares de bienestar en la sociedad.<\/li><li style=\"color:#383839\" class=\"has-text-color\">Incentivar la creaci\u00f3n de empresas a trav\u00e9s de tr\u00e1mites y servicios simplificados. <\/li><li style=\"color:#383839\" class=\"has-text-color\">Incidir en el desarrollo y crecimiento econ\u00f3mico.<\/li><\/p>\n<\/div>\n<\/div>\n\n\n\n<p><\/p>\n\n\n\n<div class=\"wp-block-media-text alignwide has-media-on-the-right\"><figure class=\"wp-block-media-text__media\"><img loading=\"lazy\" decoding=\"async\" width=\"808\" height=\"294\" src=\"http:\/\/mejoraregulatoria.sh.guanajuato.gob.mx\/wp-content\/uploads\/2021\/10\/Metodolog\u00eda-SIMPLIFICA.png\" alt=\"\" class=\"wp-image-1377\" srcset=\"https:\/\/mejoraregulatoria.sh.guanajuato.gob.mx\/wp-content\/uploads\/2021\/10\/Metodolog\u00eda-SIMPLIFICA.png 808w, https:\/\/mejoraregulatoria.sh.guanajuato.gob.mx\/wp-content\/uploads\/2021\/10\/Metodolog\u00eda-SIMPLIFICA-300x109.png 300w, https:\/\/mejoraregulatoria.sh.guanajuato.gob.mx\/wp-content\/uploads\/2021\/10\/Metodolog\u00eda-SIMPLIFICA-768x279.png 768w\" sizes=\"auto, (max-width: 808px) 100vw, 808px\" \/><\/figure><div class=\"wp-block-media-text__content\">\n<h2 class=\"has-text-color wp-block-heading\" style=\"color:#000f9f\">Metodolog\u00eda SIMPLIFICA<\/h2>\n\n\n\n<p class=\"text-justify\"> La  <strong>metodolog\u00eda del Programa de Simplificaci\u00f3n de Cargas <\/strong>(SIMPLIFICA) se compone de <strong>dos elementos principales, que derivan en la obtenci\u00f3n del Costo Social de la regulaci\u00f3n, <\/strong>el cual representa los <strong>costos en los que incurren los particulares por realizar dichos tr\u00e1mites<\/strong>. <\/p>\n<\/div><\/div>\n\n\n\n<br>\n\n\n\n<div class=\"wp-block-media-text alignwide\"><figure class=\"wp-block-media-text__media\"><img loading=\"lazy\" decoding=\"async\" width=\"808\" height=\"386\" src=\"http:\/\/mejoraregulatoria.sh.guanajuato.gob.mx\/wp-content\/uploads\/2021\/10\/Resultados-Medici\u00f3n-Anterior.png\" alt=\"\" class=\"wp-image-1378\" srcset=\"https:\/\/mejoraregulatoria.sh.guanajuato.gob.mx\/wp-content\/uploads\/2021\/10\/Resultados-Medici\u00f3n-Anterior.png 808w, https:\/\/mejoraregulatoria.sh.guanajuato.gob.mx\/wp-content\/uploads\/2021\/10\/Resultados-Medici\u00f3n-Anterior-300x143.png 300w, https:\/\/mejoraregulatoria.sh.guanajuato.gob.mx\/wp-content\/uploads\/2021\/10\/Resultados-Medici\u00f3n-Anterior-768x367.png 768w\" sizes=\"auto, (max-width: 808px) 100vw, 808px\" \/><\/figure><div class=\"wp-block-media-text__content\">\n<h2 class=\"has-text-color wp-block-heading\" style=\"color:#000f9f\">Guanajuato en  SIMPLIFICA<\/h2>\n\n\n\n<p class=\"text-justify\">  El <strong>5 de julio de 2018<\/strong>, como parte del programa de Justicia Cotidiana, <strong>se recibieron los resultados<\/strong> de la medici\u00f3n de cargas administrativas <strong>SIMPLIFICA <\/strong><\/p>\n<\/div><\/div>\n\n\n\n<br><\/br>\n\n\n\n<div class=\"wp-block-image\"><figure class=\"aligncenter size-large\"><a href=\"https:\/\/www.gob.mx\/conamer\/documentos\/simplifica-un-metodo-para-medir-y-reducir-las-cargas-regulatorias\" target=\"_blank\" rel=\"noreferrer noopener\"><img loading=\"lazy\" decoding=\"async\" width=\"954\" height=\"91\" src=\"http:\/\/mejoraregulatoria.sh.guanajuato.gob.mx\/wp-content\/uploads\/2021\/10\/Seccion-SIMPLIFICA-01.png\" alt=\"\" class=\"wp-image-569\" srcset=\"https:\/\/mejoraregulatoria.sh.guanajuato.gob.mx\/wp-content\/uploads\/2021\/10\/Seccion-SIMPLIFICA-01.png 954w, https:\/\/mejoraregulatoria.sh.guanajuato.gob.mx\/wp-content\/uploads\/2021\/10\/Seccion-SIMPLIFICA-01-300x29.png 300w, https:\/\/mejoraregulatoria.sh.guanajuato.gob.mx\/wp-content\/uploads\/2021\/10\/Seccion-SIMPLIFICA-01-768x73.png 768w\" sizes=\"auto, (max-width: 954px) 100vw, 954px\" \/><\/a><\/figure><\/div>\n\n\n\n<p><\/p>\n\n\n\n<p><\/p>\n\n\n\n<p><\/p>\n","protected":false},"excerpt":{"rendered":"<p>El Programa de Simplificaci\u00f3n de Cargas Administrativas (SIMPLIFICA) mide el tiempo que invierte un ciudadano o empresario, desde que obtiene la informaci\u00f3n de un tr\u00e1mite o servicio, hasta que la dependencia emite su resolutivo final. Permite detectar las dependencias gubernamentales con mayor costo social, as\u00ed como los tr\u00e1mites y servicios con mayor costo dentro de [&hellip;]<\/p>\n","protected":false},"author":4,"featured_media":0,"parent":0,"menu_order":0,"comment_status":"closed","ping_status":"closed","template":"","meta":{"footnotes":""},"class_list":["post-90","page","type-page","status-publish","hentry"],"_links":{"self":[{"href":"https:\/\/mejoraregulatoria.sh.guanajuato.gob.mx\/index.php\/wp-json\/wp\/v2\/pages\/90","targetHints":{"allow":["GET"]}}],"collection":[{"href":"https:\/\/mejoraregulatoria.sh.guanajuato.gob.mx\/index.php\/wp-json\/wp\/v2\/pages"}],"about":[{"href":"https:\/\/mejoraregulatoria.sh.guanajuato.gob.mx\/index.php\/wp-json\/wp\/v2\/types\/page"}],"author":[{"embeddable":true,"href":"https:\/\/mejoraregulatoria.sh.guanajuato.gob.mx\/index.php\/wp-json\/wp\/v2\/users\/4"}],"replies":[{"embeddable":true,"href":"https:\/\/mejoraregulatoria.sh.guanajuato.gob.mx\/index.php\/wp-json\/wp\/v2\/comments?post=90"}],"version-history":[{"count":269,"href":"https:\/\/mejoraregulatoria.sh.guanajuato.gob.mx\/index.php\/wp-json\/wp\/v2\/pages\/90\/revisions"}],"predecessor-version":[{"id":1402,"href":"https:\/\/mejoraregulatoria.sh.guanajuato.gob.mx\/index.php\/wp-json\/wp\/v2\/pages\/90\/revisions\/1402"}],"wp:attachment":[{"href":"https:\/\/mejoraregulatoria.sh.guanajuato.gob.mx\/index.php\/wp-json\/wp\/v2\/media?parent=90"}],"curies":[{"name":"wp","href":"https:\/\/api.w.org\/{rel}","templated":true}]}}