{"id":89,"date":"2021-10-04T20:33:13","date_gmt":"2021-10-04T20:33:13","guid":{"rendered":"http:\/\/mejoraregulatoria.sh.guanajuato.gob.mx\/?page_id=89"},"modified":"2021-10-27T15:54:33","modified_gmt":"2021-10-27T15:54:33","slug":"onmr","status":"publish","type":"page","link":"https:\/\/mejoraregulatoria.sh.guanajuato.gob.mx\/index.php\/onmr\/","title":{"rendered":"Observatorio Nacional de Mejora Regulatoria"},"content":{"rendered":"\n<figure class=\"wp-block-image size-full\"><img loading=\"lazy\" decoding=\"async\" width=\"1636\" height=\"446\" src=\"https:\/\/mejoraregulatoria.sh.guanajuato.gob.mx\/wp-content\/uploads\/2021\/10\/Seccion-Observatorio-Nacional-04.png\" alt=\"\" class=\"wp-image-540\" srcset=\"https:\/\/mejoraregulatoria.sh.guanajuato.gob.mx\/wp-content\/uploads\/2021\/10\/Seccion-Observatorio-Nacional-04.png 1636w, https:\/\/mejoraregulatoria.sh.guanajuato.gob.mx\/wp-content\/uploads\/2021\/10\/Seccion-Observatorio-Nacional-04-300x82.png 300w, https:\/\/mejoraregulatoria.sh.guanajuato.gob.mx\/wp-content\/uploads\/2021\/10\/Seccion-Observatorio-Nacional-04-1024x279.png 1024w, https:\/\/mejoraregulatoria.sh.guanajuato.gob.mx\/wp-content\/uploads\/2021\/10\/Seccion-Observatorio-Nacional-04-768x209.png 768w, https:\/\/mejoraregulatoria.sh.guanajuato.gob.mx\/wp-content\/uploads\/2021\/10\/Seccion-Observatorio-Nacional-04-1536x419.png 1536w\" sizes=\"auto, (max-width: 1636px) 100vw, 1636px\" \/><\/figure>\n\n\n\n<br>\n\n\n\n<div class=\"wp-block-media-text alignwide has-media-on-the-right\"><figure class=\"wp-block-media-text__media\"><img loading=\"lazy\" decoding=\"async\" width=\"820\" height=\"430\" src=\"http:\/\/mejoraregulatoria.sh.guanajuato.gob.mx\/wp-content\/uploads\/2021\/10\/Seccion-Observatorio-Nacional-05.png\" alt=\"\" class=\"wp-image-704\" srcset=\"https:\/\/mejoraregulatoria.sh.guanajuato.gob.mx\/wp-content\/uploads\/2021\/10\/Seccion-Observatorio-Nacional-05.png 820w, https:\/\/mejoraregulatoria.sh.guanajuato.gob.mx\/wp-content\/uploads\/2021\/10\/Seccion-Observatorio-Nacional-05-300x157.png 300w, https:\/\/mejoraregulatoria.sh.guanajuato.gob.mx\/wp-content\/uploads\/2021\/10\/Seccion-Observatorio-Nacional-05-768x403.png 768w\" sizes=\"auto, (max-width: 820px) 100vw, 820px\" \/><\/figure><div class=\"wp-block-media-text__content\">\n<h2 class=\"text-justify wp-block-heading\">El Observatorio Nacional de Mejora Regulatoria es una instancia de participaci\u00f3n ciudadana de inter\u00e9s p\u00fablico, que contribuye al cumplimiento de la Ley General y Estatal de Mejora Regulatoria.<\/h2>\n\n\n\n<br>\n\n\n\n<p class=\"text-justify\"><strong>\u00bfC\u00f3mo mide el cumplimiento?<\/strong><\/p>\n\n\n\n<p class=\"text-justify\">Eval\u00faa el avance de la Estrategia de Mejora Regulatoria, a trav\u00e9s de un instrumento program\u00e1tico que tiene como objetivo articular la pol\u00edtica de Mejora Regulatoria de las Entidades Federativas. <br>Este indicador est\u00e1 constituido en tres pilares:<\/p>\n<li style=\"color:#383839\" class=\"has-text-color\">Pol\u00edticas<\/li>\n<li style=\"color:#383839\" class=\"has-text-color\">Instituciones<\/li>\n<li style=\"color:#383839\" class=\"has-text-color\">Herramientas<\/li>\n<\/div><\/div>\n\n\n\n<br>\n\n\n\n<div class=\"wp-block-media-text alignwide is-vertically-aligned-center\"><figure class=\"wp-block-media-text__media\"><img loading=\"lazy\" decoding=\"async\" width=\"808\" height=\"485\" src=\"http:\/\/mejoraregulatoria.sh.guanajuato.gob.mx\/wp-content\/uploads\/2021\/10\/Seccion-Observatorio-Nacional-Grafica.jpg\" alt=\"\" class=\"wp-image-834\" srcset=\"https:\/\/mejoraregulatoria.sh.guanajuato.gob.mx\/wp-content\/uploads\/2021\/10\/Seccion-Observatorio-Nacional-Grafica.jpg 808w, https:\/\/mejoraregulatoria.sh.guanajuato.gob.mx\/wp-content\/uploads\/2021\/10\/Seccion-Observatorio-Nacional-Grafica-300x180.jpg 300w, https:\/\/mejoraregulatoria.sh.guanajuato.gob.mx\/wp-content\/uploads\/2021\/10\/Seccion-Observatorio-Nacional-Grafica-768x461.jpg 768w\" sizes=\"auto, (max-width: 808px) 100vw, 808px\" \/><\/figure><div class=\"wp-block-media-text__content\">\n<h2 class=\"has-text-color wp-block-heading\" style=\"color:#000f9f\">Guanajuato en el Indicador Subnacional de Mejora Regulatoria<\/h2>\n\n\n\n<p class=\"text-justify\" style=\"color:#383839\" class=\"has-text-color\">La Comisi\u00f3n Nacional de Mejora Regulatoria (CONAMER) reconoci\u00f3 a Guanajuato como la entidad con m\u00e1s municipios inscritos con 9 en el Indicador Subnacional de Mejora Regulatoria, participaci\u00f3n que ha sido posible gracias al impulso que el Gobierno del Estado ha dado, a trav\u00e9s de la Secretar\u00eda de la Transparencia y Rendici\u00f3n de Cuentas.<\/p>\n<\/div><\/div>\n\n\n\n<br>\n<br>\n\n\n\n<div class=\"wp-block-columns is-layout-flex wp-container-core-columns-is-layout-9d6595d7 wp-block-columns-is-layout-flex\">\n<div class=\"wp-block-column is-layout-flow wp-block-column-is-layout-flow\">\n<figure class=\"wp-block-image size-large\"><img loading=\"lazy\" decoding=\"async\" width=\"534\" height=\"287\" src=\"http:\/\/mejoraregulatoria.sh.guanajuato.gob.mx\/wp-content\/uploads\/2021\/10\/Seccion-Observatorio-Nacional-02.png\" alt=\"\" class=\"wp-image-707\" srcset=\"https:\/\/mejoraregulatoria.sh.guanajuato.gob.mx\/wp-content\/uploads\/2021\/10\/Seccion-Observatorio-Nacional-02.png 534w, https:\/\/mejoraregulatoria.sh.guanajuato.gob.mx\/wp-content\/uploads\/2021\/10\/Seccion-Observatorio-Nacional-02-300x161.png 300w\" sizes=\"auto, (max-width: 534px) 100vw, 534px\" \/><\/figure>\n\n\n\n<p style=\"background-color:#eaf1f5\" class=\"has-background\"><strong>Pol\u00edticas<\/strong> <br><br> Mide la calidad de los instrumentos jur\u00eddicos que regulan e impulsan la pol\u00edtica p\u00fablica de mejora regulatoria en la federaci\u00f3n, entidades federativas y municipios del pa\u00eds, as\u00ed como su grado de homologaci\u00f3n a la Ley General de Mejora Regulatoria. Su principal objeto de an\u00e1lisis son las leyes, reglamentos y regulaciones en general. <\/p>\n<\/div>\n\n\n\n<div class=\"wp-block-column is-layout-flow wp-block-column-is-layout-flow\">\n<figure class=\"wp-block-image size-large\"><img loading=\"lazy\" decoding=\"async\" width=\"534\" height=\"287\" src=\"http:\/\/mejoraregulatoria.sh.guanajuato.gob.mx\/wp-content\/uploads\/2021\/10\/Seccion-Observatorio-Nacional-01.png\" alt=\"\" class=\"wp-image-706\" srcset=\"https:\/\/mejoraregulatoria.sh.guanajuato.gob.mx\/wp-content\/uploads\/2021\/10\/Seccion-Observatorio-Nacional-01.png 534w, https:\/\/mejoraregulatoria.sh.guanajuato.gob.mx\/wp-content\/uploads\/2021\/10\/Seccion-Observatorio-Nacional-01-300x161.png 300w\" sizes=\"auto, (max-width: 534px) 100vw, 534px\" \/><\/figure>\n\n\n\n<p style=\"background-color:#eaf1f5;color:#383839\" class=\"has-text-color has-background\"><strong>Instituciones<\/strong><br><br> Mide el grado de madurez de los organismos, dependencias y actores responsables de impulsar la pol\u00edtica de mejora regulatoria. Su principal objeto de an\u00e1lisis son las autoridades de mejora<br><br><br><br> <\/p>\n<\/div>\n\n\n\n<div class=\"wp-block-column is-layout-flow wp-block-column-is-layout-flow\">\n<figure class=\"wp-block-image size-large\"><img loading=\"lazy\" decoding=\"async\" width=\"534\" height=\"287\" src=\"http:\/\/mejoraregulatoria.sh.guanajuato.gob.mx\/wp-content\/uploads\/2021\/10\/Seccion-Observatorio-Nacional-03.png\" alt=\"\" class=\"wp-image-708\" srcset=\"https:\/\/mejoraregulatoria.sh.guanajuato.gob.mx\/wp-content\/uploads\/2021\/10\/Seccion-Observatorio-Nacional-03.png 534w, https:\/\/mejoraregulatoria.sh.guanajuato.gob.mx\/wp-content\/uploads\/2021\/10\/Seccion-Observatorio-Nacional-03-300x161.png 300w\" sizes=\"auto, (max-width: 534px) 100vw, 534px\" \/><\/figure>\n\n\n\n<p style=\"background-color:#eaf1f5;color:#383839\" class=\"has-text-color has-background\"><strong>Herramientas<\/strong><br><br>Mide el grado de implementaci\u00f3n de los distintos programas y pol\u00edticas p\u00fablicas en materia de mejora regulatoria. Su principal objeto de an\u00e1lisis es la operaci\u00f3n continua, cobertura, calidad y y resultados generados por acciones espec\u00edficas en materia de mejora regulatoria.<br><br><\/p>\n<\/div>\n<\/div>\n\n\n\n<div class=\"wp-block-image\"><figure class=\"aligncenter size-large\"><a href=\"http:\/\/www.onmr.org\/\" target=\"_blank\" rel=\"noreferrer noopener\"><img loading=\"lazy\" decoding=\"async\" width=\"954\" height=\"91\" src=\"http:\/\/mejoraregulatoria.sh.guanajuato.gob.mx\/wp-content\/uploads\/2021\/10\/Seccion-SIMPLIFICA-01.png\" alt=\"\" class=\"wp-image-569\" srcset=\"https:\/\/mejoraregulatoria.sh.guanajuato.gob.mx\/wp-content\/uploads\/2021\/10\/Seccion-SIMPLIFICA-01.png 954w, https:\/\/mejoraregulatoria.sh.guanajuato.gob.mx\/wp-content\/uploads\/2021\/10\/Seccion-SIMPLIFICA-01-300x29.png 300w, https:\/\/mejoraregulatoria.sh.guanajuato.gob.mx\/wp-content\/uploads\/2021\/10\/Seccion-SIMPLIFICA-01-768x73.png 768w\" sizes=\"auto, (max-width: 954px) 100vw, 954px\" \/><\/a><\/figure><\/div>\n\n\n\n<p><\/p>\n","protected":false},"excerpt":{"rendered":"<p>El Observatorio Nacional de Mejora Regulatoria es una instancia de participaci\u00f3n ciudadana de inter\u00e9s p\u00fablico, que contribuye al cumplimiento de la Ley General y Estatal de Mejora Regulatoria. \u00bfC\u00f3mo mide el cumplimiento? Eval\u00faa el avance de la Estrategia de Mejora Regulatoria, a trav\u00e9s de un instrumento program\u00e1tico que tiene como objetivo articular la pol\u00edtica de [&hellip;]<\/p>\n","protected":false},"author":4,"featured_media":0,"parent":0,"menu_order":0,"comment_status":"closed","ping_status":"closed","template":"","meta":{"footnotes":""},"class_list":["post-89","page","type-page","status-publish","hentry"],"_links":{"self":[{"href":"https:\/\/mejoraregulatoria.sh.guanajuato.gob.mx\/index.php\/wp-json\/wp\/v2\/pages\/89","targetHints":{"allow":["GET"]}}],"collection":[{"href":"https:\/\/mejoraregulatoria.sh.guanajuato.gob.mx\/index.php\/wp-json\/wp\/v2\/pages"}],"about":[{"href":"https:\/\/mejoraregulatoria.sh.guanajuato.gob.mx\/index.php\/wp-json\/wp\/v2\/types\/page"}],"author":[{"embeddable":true,"href":"https:\/\/mejoraregulatoria.sh.guanajuato.gob.mx\/index.php\/wp-json\/wp\/v2\/users\/4"}],"replies":[{"embeddable":true,"href":"https:\/\/mejoraregulatoria.sh.guanajuato.gob.mx\/index.php\/wp-json\/wp\/v2\/comments?post=89"}],"version-history":[{"count":70,"href":"https:\/\/mejoraregulatoria.sh.guanajuato.gob.mx\/index.php\/wp-json\/wp\/v2\/pages\/89\/revisions"}],"predecessor-version":[{"id":1333,"href":"https:\/\/mejoraregulatoria.sh.guanajuato.gob.mx\/index.php\/wp-json\/wp\/v2\/pages\/89\/revisions\/1333"}],"wp:attachment":[{"href":"https:\/\/mejoraregulatoria.sh.guanajuato.gob.mx\/index.php\/wp-json\/wp\/v2\/media?parent=89"}],"curies":[{"name":"wp","href":"https:\/\/api.w.org\/{rel}","templated":true}]}}