{"id":64,"date":"2021-09-14T15:10:05","date_gmt":"2021-09-14T15:10:05","guid":{"rendered":"http:\/\/mejoraregulatoria.sh.guanajuato.gob.mx\/?page_id=64"},"modified":"2024-09-24T19:10:11","modified_gmt":"2024-09-24T19:10:11","slug":"conocenos","status":"publish","type":"page","link":"https:\/\/mejoraregulatoria.sh.guanajuato.gob.mx\/index.php\/conocenos\/","title":{"rendered":"Con\u00f3cenos"},"content":{"rendered":"\n<figure class=\"wp-block-image size-full\"><img loading=\"lazy\" decoding=\"async\" width=\"1636\" height=\"445\" src=\"https:\/\/mejoraregulatoria.sh.guanajuato.gob.mx\/wp-content\/uploads\/2021\/10\/Seccion-MR-02.png\" alt=\"\" class=\"wp-image-197\" srcset=\"https:\/\/mejoraregulatoria.sh.guanajuato.gob.mx\/wp-content\/uploads\/2021\/10\/Seccion-MR-02.png 1636w, https:\/\/mejoraregulatoria.sh.guanajuato.gob.mx\/wp-content\/uploads\/2021\/10\/Seccion-MR-02-300x82.png 300w, https:\/\/mejoraregulatoria.sh.guanajuato.gob.mx\/wp-content\/uploads\/2021\/10\/Seccion-MR-02-1024x279.png 1024w, https:\/\/mejoraregulatoria.sh.guanajuato.gob.mx\/wp-content\/uploads\/2021\/10\/Seccion-MR-02-768x209.png 768w, https:\/\/mejoraregulatoria.sh.guanajuato.gob.mx\/wp-content\/uploads\/2021\/10\/Seccion-MR-02-1536x418.png 1536w\" sizes=\"auto, (max-width: 1636px) 100vw, 1636px\" \/><\/figure>\n\n\n\n<br>\n\n\n\n<div class=\"wp-block-media-text alignwide has-media-on-the-right\"><figure class=\"wp-block-media-text__media\"><img loading=\"lazy\" decoding=\"async\" width=\"820\" height=\"653\" src=\"https:\/\/mejoraregulatoria.sh.guanajuato.gob.mx\/wp-content\/uploads\/2021\/10\/Seccion-MR-01-3.png\" alt=\"\" class=\"wp-image-393\" srcset=\"https:\/\/mejoraregulatoria.sh.guanajuato.gob.mx\/wp-content\/uploads\/2021\/10\/Seccion-MR-01-3.png 820w, https:\/\/mejoraregulatoria.sh.guanajuato.gob.mx\/wp-content\/uploads\/2021\/10\/Seccion-MR-01-3-300x239.png 300w, https:\/\/mejoraregulatoria.sh.guanajuato.gob.mx\/wp-content\/uploads\/2021\/10\/Seccion-MR-01-3-768x612.png 768w\" sizes=\"auto, (max-width: 820px) 100vw, 820px\" \/><\/figure><div class=\"wp-block-media-text__content\">\n<h2 class=\"has-text-color wp-block-heading\" style=\"color:#000f9f\"><strong>\u00bfQu\u00e9 es Mejora Regulatoria? <\/strong><\/h2>\n\n\n\n<p class=\"text-justify\">Es una <strong>pol\u00edtica p\u00fablica<\/strong> que <strong>impulsa cambios al marco jur\u00eddico<\/strong> que se refleje en la <strong>prestaci\u00f3n de tr\u00e1mites y servicios con menores costos sociales.<\/strong><\/p>\n\n\n\n<p style=\"color:#383839\" class=\"has-text-color\"><strong>Principios:<\/strong><\/p>\n\n\n\n<class=\"text-justify\" class=\"lista-conocenos\"><li>Mayores beneficios que costos y el m\u00e1ximo beneficio social.<\/li>\n<li> Seguridad jur\u00eddica que propicie la certidumbre de derechos y obligaciones. <\/li><li>Focalizaci\u00f3n a objetivos claros, concretos y bien definidos. <\/li><li> Coherencia y armonizaci\u00f3n de las disposiciones que integran el marco regulatorio estatal y nacional.<\/li><li> Simplificaci\u00f3n, mejora y no duplicidad en la emisi\u00f3n de Regulaciones, Tr\u00e1mites y Servicios.<\/li><li>Accesibilidad tecnol\u00f3gica.<\/li><li> Proporcionalidad, prevenci\u00f3n razonable y gesti\u00f3n de riesgos. <\/li><li> Transparencia, responsabilidad y rendici\u00f3n de cuentas. <\/li><li> Fomento a la competitividad y el empleo. <\/li><li> Promoci\u00f3n de la libre concurrencia y competencia econ\u00f3mica, as\u00ed como del funcionamiento eficiente de los mercados. <\/li><li> Reconocimiento de asimetr\u00edas en el cumplimiento regulatorio<\/li>\n<\/div><\/div>\n\n\n\n<br>\n\n\n\n<div class=\"wp-block-columns is-layout-flex wp-container-core-columns-is-layout-9d6595d7 wp-block-columns-is-layout-flex\">\n<div class=\"wp-block-column is-layout-flow wp-block-column-is-layout-flow\">\n<h2 class=\"has-text-color wp-block-heading\" style=\"color:#000f9f\"><strong>\u00bfQu\u00e9 hace el Sistema Estatal de Mejora Regulatoria?<\/strong><\/h2>\n\n\n\n<p class=\"text-justify\">El Sistema Estatal tiene como funci\u00f3n\ncoordinarse con el Sistema Nacional de Mejora Regulatoria para implementar la\npol\u00edtica de mejora regulatoria conforme a la Estrategia Nacional de Mejora\nRegulatoria prevista en la Ley General, esta Ley y dem\u00e1s disposiciones\njur\u00eddicas aplicables en la materia.<\/p>\n\n\n\n<p class=\"text-justify\"><strong>\u00bfQui\u00e9n integra el Sistema Estatal de Mejora Regulatoria?<\/strong><br>Estar\u00e1 integrado por un Consejo Estatal, las Autoridades de Mejora Regulatoria y los Sujetos Obligados. Ser\u00e1 presidido por el Gobernador del Estado. <\/p>\n\n\n\n<br>\n\n\n\n<h2 class=\"has-text-color wp-block-heading\" style=\"color:#000f9f\"><strong>Atribuciones<\/strong><\/h2>\n\n\n\n<p class=\"text-justify\"><strong>Secretar\u00eda de la Transparencia y Rendici\u00f3n de Cuentas<\/strong><\/p>\n\n\n\n<p class=\"text-justify\">Art\u00edculo 53 del Reglamento Interior de la Secretar\u00eda de la Transparencia y Rendici\u00f3n de Cuentas.<br><strong>\u201cProponer lineamientos, manuales y gu\u00edas operativas que faciliten la instrumentaci\u00f3n de la pol\u00edtica de Mejora Regulatoria\u201d<\/strong><\/p>\n\n\n\n<br>\n\n\n\n<p class=\"text-justify\"><strong> Secretar\u00eda de Desarrollo Econ\u00f3mico Sustentable<\/strong><\/p>\n\n\n\n<p class=\"text-justify\">Coordinar al Consejo Estatal de Mejora Regulatoria. <br>Vinculaci\u00f3n con los Municipios del Estado en materia de Mejora Regulatoria.<\/p>\n\n\n\n<br>\n\n\n\n<h2 class=\"has-text-color wp-block-heading\" style=\"color:#000f9f\"><strong>\u00bfQui\u00e9nes son los Sujetos Obligados?<\/strong><\/h2>\n\n\n\n<p class=\"text-justify\"> Las administraciones p\u00fablicas estatal y municipales, la Fiscal\u00eda del Estado de Guanajuato, los poderes Legislativo y Judicial, los organismos con autonom\u00eda constitucional, Tribunal Estatal Electoral de Guanajuato y el Tribunal de Justicia Administrativa del Estado de Guanajuato. <\/p>\n\n\n\n<div class=\"wp-block-file\"><a href=\"http:\/\/mejoraregulatoria.sh.guanajuato.gob.mx\/wp-content\/uploads\/2024\/04\/Directorio-Sujetos-Obligados-de-Mejora-Regulatoria-2020.pdf\" target=\"_blank\" rel=\"noreferrer noopener\">Directorio Sujetos Obligados de Mejora Regulatoria 2020<\/a><a href=\"http:\/\/mejoraregulatoria.sh.guanajuato.gob.mx\/wp-content\/uploads\/2024\/04\/Directorio-Sujetos-Obligados-de-Mejora-Regulatoria-2020.pdf\" class=\"wp-block-file__button\" download>Descarga<\/a><\/div>\n\n\n\n<div class=\"wp-block-file\"><a href=\"http:\/\/mejoraregulatoria.sh.guanajuato.gob.mx\/wp-content\/uploads\/2024\/04\/Directorio-Sujetos-Obligados-de-Mejora-Regulatoria-2021.pdf\" target=\"_blank\" rel=\"noreferrer noopener\">Directorio Sujetos Obligados de Mejora Regulatoria 2021       <\/a><a href=\"http:\/\/mejoraregulatoria.sh.guanajuato.gob.mx\/wp-content\/uploads\/2024\/04\/Directorio-Sujetos-Obligados-de-Mejora-Regulatoria-2021.pdf\" class=\"wp-block-file__button\" download>Descarga<\/a><\/div>\n\n\n\n<div class=\"wp-block-file\"><a href=\"http:\/\/mejoraregulatoria.sh.guanajuato.gob.mx\/wp-content\/uploads\/2024\/04\/Directorio-Sujetos-Obligados-de-Mejora-Regulatoria-2022.pdf\">Directorio Sujetos Obligados de Mejora Regulatoria 2022 <\/a><a href=\"http:\/\/mejoraregulatoria.sh.guanajuato.gob.mx\/wp-content\/uploads\/2024\/04\/Directorio-Sujetos-Obligados-de-Mejora-Regulatoria-2022.pdf\" class=\"wp-block-file__button\" download>Descarga<\/a><\/div>\n\n\n\n<div class=\"wp-block-file\"><a href=\"http:\/\/mejoraregulatoria.sh.guanajuato.gob.mx\/wp-content\/uploads\/2024\/04\/Directorio-Sujetos-Obligados-de-Mejora-Regulatoria-2023.pdf\">Directorio Sujetos Obligados de Mejora Regulatoria 2023 <\/a><a href=\"http:\/\/mejoraregulatoria.sh.guanajuato.gob.mx\/wp-content\/uploads\/2024\/04\/Directorio-Sujetos-Obligados-de-Mejora-Regulatoria-2023.pdf\" class=\"wp-block-file__button\" download>Descarga<\/a><\/div>\n<\/div>\n\n\n\n<div class=\"wp-block-column is-layout-flow wp-block-column-is-layout-flow\">\n<h2 class=\"has-text-color wp-block-heading\" style=\"color:#000f9f\"><strong>\u00bfQu\u00e9 es el Consejo Estatal de Mejora Regulatoria?<\/strong><\/h2>\n\n\n\n<p class=\"text-justify\">El&nbsp;Consejo&nbsp;Estatal&nbsp;de Mejora&nbsp;Regulatoria es el \u00f3rgano de asesor\u00eda y consulta del Poder Ejecutivo del&nbsp;Estado de Guanajuato, responsable&nbsp;de opinar y recomendar respecto a la pol\u00edtica estatal de mejora regulatoria, relativo a las bases, principios y mecanismos para la efectiva coordinaci\u00f3n en el \u00e1mbito estatal de la misma, para promover el uso de metodolog\u00edas, instrumentos, programas y las buenas pr\u00e1cticas nacionales e internacionales en la Mejora Regulatoria; asimismo fungir\u00e1 como \u00f3rgano de vinculaci\u00f3n con los sujetos obligados y con diversos sectores de la sociedad.<\/p>\n\n\n\n<p class=\"text-justify\"><strong>\u00bfQui\u00e9n conforma el Consejo Estatal de Mejora Regulatoria del Estado de Guanajuato?<\/strong><br>Est\u00e1 integrado por representantes de los sectores social, econ\u00f3mico y acad\u00e9mico; as\u00ed como por los Consejos Municipales.  <\/p>\n\n\n\n<div class=\"wp-block-file\"><a href=\"http:\/\/mejoraregulatoria.sh.guanajuato.gob.mx\/wp-content\/uploads\/2021\/10\/Acta-de-Instalaci\u00f3n-del-Consejo-Estatal-de-Mejora-Regulatoria.pdf\" target=\"_blank\" rel=\"noreferrer noopener\">Acta de Instalaci\u00f3n del Consejo Estatal de Mejora Regulatoria<\/a><a href=\"http:\/\/mejoraregulatoria.sh.guanajuato.gob.mx\/wp-content\/uploads\/2021\/10\/Acta-de-Instalaci\u00f3n-del-Consejo-Estatal-de-Mejora-Regulatoria.pdf\" class=\"wp-block-file__button\" download>Descarga<\/a><\/div>\n\n\n\n<div class=\"wp-block-file\"><a href=\"https:\/\/mejoraregulatoria.sh.guanajuato.gob.mx\/wp-content\/uploads\/2021\/10\/Informe-del-Consejo-Estatal-de-Mejora-Regulatoria-2020.pdf\" target=\"_blank\" rel=\"noreferrer noopener\">Informe del Consejo Estatal de Mejora Regulatoria 2020<\/a><a href=\"https:\/\/mejoraregulatoria.sh.guanajuato.gob.mx\/wp-content\/uploads\/2021\/10\/Informe-del-Consejo-Estatal-de-Mejora-Regulatoria-2020.pdf\" class=\"wp-block-file__button\" download>Descarga<\/a><\/div>\n\n\n\n<br>\n\n\n\n<h2 class=\"has-text-color wp-block-heading\" style=\"color:#000f9f\"><strong>\u00bfCu\u00e1les son nuestras normas?<\/strong><\/h2>\n\n\n\n\n\n<div class=\"wp-block-file\"><li> <a href=\"https:\/\/mejoraregulatoria.sh.guanajuato.gob.mx\/wp-content\/uploads\/2022\/01\/Constituci\u00f3n-Pol\u00edtica-de-los-Estados-Unidos-Mexicanos.pdf\">Constituci\u00f3n Pol\u00edtica de los Estados Unidos Mexicanos<\/a><\/li><\/div>\n\n\n\n<div class=\"wp-block-file\"><li> <a href=\"https:\/\/mejoraregulatoria.sh.guanajuato.gob.mx\/wp-content\/uploads\/2022\/01\/Ley-General-de-Mejora-Regulatoria.pdf\">Ley General de Mejora Regulatoria<\/a><\/li><\/div>\n\n\n\n<div class=\"wp-block-file\"><li><a href=\"https:\/\/mejoraregulatoria.sh.guanajuato.gob.mx\/wp-content\/uploads\/2022\/01\/Estrategia_Nacional_de_Mejora_Regulatoria-Portal-2.pdf\">Estrategia Nacional de Mejora Regulatoria<\/a><\/li><\/div>\n\n\n\n<div class=\"wp-block-file\"><li><a href=\"https:\/\/mejoraregulatoria.sh.guanajuato.gob.mx\/wp-content\/uploads\/2022\/01\/LEY_DE_MEJORA_REGULATORIA_PARA_EL_EDO_DE_GTO_D_219_PO_07_SEP_2020.pdf\">Ley de Mejora Regulatoria para el Estado de Guanajuato<\/a><\/li><\/div>\n\n\n\n<div class=\"wp-block-file\"><li><a href=\"https:\/\/mejoraregulatoria.sh.guanajuato.gob.mx\/wp-content\/uploads\/2022\/01\/6-LOPEEG-_DTO_308_PO_57_22mar2021.pdf\"> Ley Org\u00e1nica del Poder Ejecutivo para el Estado de Guanajuato <\/a><\/li><\/div>\n\n\n\n<div class=\"wp-block-file\"><li><a href=\"https:\/\/mejoraregulatoria.sh.guanajuato.gob.mx\/wp-content\/uploads\/2022\/01\/Reglamento-de-la-STRC-PO_59_4ta_Parte_20210324.pdf\"> Reglamento Interior de la Secretar\u00eda de la Transparencia Rendici\u00f3n de Cuentas<\/a><\/li><\/div>\n\n\n\n<div class=\"wp-block-file\"><li><a href=\"blob:https:\/\/mejoraregulatoria.sh.guanajuato.gob.mx\/be0150ce-ae08-475e-b480-9cad8819a5c9\">Reglamento de la Ley de Mejora Regulatoria para el Estado de Guanajuato que norma la organizaci\u00f3n y funcionamiento del Consejo Estatal de Mejora Regulatoria<\/a><\/li><\/div>\n\n\n\n<div class=\"wp-block-file\"><li><a href=\"http:\/\/mejoraregulatoria.sh.guanajuato.gob.mx\/wp-content\/uploads\/2022\/03\/Lineamientos-An\u00e1lisis-de-Impacto-Regulatorio-Ex-Post-22-mar-2022.pdf\">Lineamientos An\u00e1lisis de Impacto Regulatorio Ex Post 2<\/a><\/li><\/div>\n\n\n\n<div class=\"wp-block-file\"><li><a href=\"https:\/\/mejoraregulatoria.sh.guanajuato.gob.mx\/wp-content\/uploads\/2022\/01\/Guia-Basica-para-la-Elaboracion-de-la-Manifestacion-de-Impacto-Regulatorio.pdf\">Gu\u00eda B\u00e1sica para la Elaboracion de la Manifestacion de Impacto Regulatorio<\/a><\/li><\/div>\n\n\n\n<div class=\"wp-block-file\"><li><a href=\"https:\/\/mejoraregulatoria.sh.guanajuato.gob.mx\/wp-content\/uploads\/2022\/01\/Gu\u00eda-de-operaci\u00f3n-de-la-agenda-regulatoria.pdf\">Gu\u00eda de Operaci\u00f3n del Sistema de Agenda Regulatoria <\/a><\/li><\/div>\n\n\n\n<div class=\"wp-block-file\"><li><a href=\"https:\/\/mejoraregulatoria.sh.guanajuato.gob.mx\/wp-content\/uploads\/2023\/02\/PO_23_2da_Parte_20230201_LINEAMIENTOS_PMR_v.pdf\">Lineamientos para establecer los calendarios, mecanismos, formularios e indicadores<br> para la implementaci\u00f3n de los Programas de Mejora Regulatoria de la Administraci\u00f3n P\u00fablica<br> Estatal<\/a><\/li><\/div>\n\n\n\n<div class=\"wp-block-file\"><li><a href=\"http:\/\/mejoraregulatoria.sh.guanajuato.gob.mx\/wp-content\/uploads\/2023\/07\/LINEAMIENTOS-PADRON-ESTATAL-7-10-2021.pdf\" target=\"_blank\" rel=\"noreferrer noopener\"> Lineamientos para establecer las bases de Operaci\u00f3n del Registro Estatal de Visitas Domiciliarias del Estado de Guanajuato<\/a><\/li><\/div>\n\n\n\n<div class=\"wp-block-file\"><li><a href=\"http:\/\/mejoraregulatoria.sh.guanajuato.gob.mx\/wp-content\/uploads\/2023\/07\/Guia-de-operaci\u00f3n-del-Registro-de-Regulaciones-Tr\u00e1mites-y-Servicios-V20.pdf\" target=\"_blank\" rel=\"noreferrer noopener\">Gu\u00eda de operaci\u00f3n del Registro Estatal de Regulaciones, Tr\u00e1mites y Servicios<\/a><\/li><\/div>\n\n\n\n<div class=\"wp-block-file\"><li><a href=\"http:\/\/mejoraregulatoria.sh.guanajuato.gob.mx\/wp-content\/uploads\/2023\/07\/LINEAMIENTOS-PROTESTA-CIUDADANA-7-10-2021.pdf\" target=\"_blank\" rel=\"noreferrer noopener\">Lineamientos para la recepci\u00f3n, atenci\u00f3n y seguimiento de la Protesta Ciudadana en el Estado de Guanajuato<\/a><\/li><\/div>\n<\/div>\n<\/div>\n","protected":false},"excerpt":{"rendered":"<p>\u00bfQu\u00e9 es Mejora Regulatoria? Es una pol\u00edtica p\u00fablica que impulsa cambios al marco jur\u00eddico que se refleje en la prestaci\u00f3n de tr\u00e1mites y servicios con menores costos sociales. Principios: Mayores beneficios que costos y el m\u00e1ximo beneficio social. Seguridad jur\u00eddica que propicie la certidumbre de derechos y obligaciones. Focalizaci\u00f3n a objetivos claros, concretos y bien [&hellip;]<\/p>\n","protected":false},"author":6,"featured_media":0,"parent":0,"menu_order":0,"comment_status":"closed","ping_status":"closed","template":"","meta":{"footnotes":""},"class_list":["post-64","page","type-page","status-publish","hentry"],"_links":{"self":[{"href":"https:\/\/mejoraregulatoria.sh.guanajuato.gob.mx\/index.php\/wp-json\/wp\/v2\/pages\/64","targetHints":{"allow":["GET"]}}],"collection":[{"href":"https:\/\/mejoraregulatoria.sh.guanajuato.gob.mx\/index.php\/wp-json\/wp\/v2\/pages"}],"about":[{"href":"https:\/\/mejoraregulatoria.sh.guanajuato.gob.mx\/index.php\/wp-json\/wp\/v2\/types\/page"}],"author":[{"embeddable":true,"href":"https:\/\/mejoraregulatoria.sh.guanajuato.gob.mx\/index.php\/wp-json\/wp\/v2\/users\/6"}],"replies":[{"embeddable":true,"href":"https:\/\/mejoraregulatoria.sh.guanajuato.gob.mx\/index.php\/wp-json\/wp\/v2\/comments?post=64"}],"version-history":[{"count":338,"href":"https:\/\/mejoraregulatoria.sh.guanajuato.gob.mx\/index.php\/wp-json\/wp\/v2\/pages\/64\/revisions"}],"predecessor-version":[{"id":1961,"href":"https:\/\/mejoraregulatoria.sh.guanajuato.gob.mx\/index.php\/wp-json\/wp\/v2\/pages\/64\/revisions\/1961"}],"wp:attachment":[{"href":"https:\/\/mejoraregulatoria.sh.guanajuato.gob.mx\/index.php\/wp-json\/wp\/v2\/media?parent=64"}],"curies":[{"name":"wp","href":"https:\/\/api.w.org\/{rel}","templated":true}]}}