{"id":26,"date":"2020-03-23T19:22:17","date_gmt":"2020-03-23T19:22:17","guid":{"rendered":"http:\/\/172.31.108.98\/mejoraregulatoria\/?page_id=26"},"modified":"2020-03-23T19:22:17","modified_gmt":"2020-03-23T19:22:17","slug":"preguntas-mas-frecuentes","status":"publish","type":"page","link":"https:\/\/mejoraregulatoria.sh.guanajuato.gob.mx\/index.php\/preguntas-mas-frecuentes\/","title":{"rendered":"preguntas mas frecuentes"},"content":{"rendered":"\n<h1 class=\"wp-block-heading\">\u00bfQu\u00e9 es la mejora regulatoria?<\/h1>\n\n\n\n<p><strong>\u00bfQu\u00e9 es la Mejora Regulatoria?<\/strong><\/p>\n\n\n\n<p>Es una pol\u00edtica p\u00fablica que consiste en la&nbsp;<em>generaci\u00f3n de normas claras<\/em>, de&nbsp;<strong>tr\u00e1mites y servicios simplificados<\/strong>, as\u00ed como de&nbsp;<strong>instituciones eficaces&nbsp;<\/strong>para su creaci\u00f3n y aplicaci\u00f3n, que se orienten a obtener el mayor valor posible de los recursos disponibles y del \u00f3ptimo funcionamiento de las actividades comerciales, industriales, productivas, de servicios y de desarrollo humano de la sociedad en su conjunto.<\/p>\n\n\n\n<p><strong>Algunos de los principios bajo los cuales se orienta la Pol\u00edtica de Mejora Regulatoria son:<\/strong><\/p>\n\n\n\n<p>Mayores beneficios que costos y el m\u00e1ximo beneficio social;<\/p>\n\n\n\n<ul class=\"wp-block-list\"><li>Seguridad jur\u00eddica que propicie la certidumbre de derechos y obligaciones;<\/li><li>Coherencia y armonizaci\u00f3n de las disposiciones que integran el marco regulatorio nacional;<\/li><li>Simplificaci\u00f3n, mejora y no duplicidad en la emisi\u00f3n de Regulaciones, Tr\u00e1mites y Servicios;<\/li><li>Accesibilidad tecnol\u00f3gica;<\/li><li>Transparencia, responsabilidad y rendici\u00f3n de cuentas;<\/li><li>Reconocimiento de asimetr\u00edas en el cumplimiento regulatorio.<\/li><\/ul>\n\n\n\n<p><strong>\u00bfQu\u00e9 es Tr\u00e1mite?<\/strong><\/p>\n\n\n\n<p>Cualquier solicitud o entrega de informaci\u00f3n que las personas f\u00edsicas o morales del sector privado hagan ante una dependencia u organismo descentralizado, ya sea para cumplir una obligaci\u00f3n, obtener un beneficio o servicio o, en general, a fin de que se emita una resoluci\u00f3n, as\u00ed como cualquier documento que dichas personas est\u00e9n obligadas a conservar;<\/p>\n\n\n\n<p>&nbsp;<strong>\u00bfQu\u00e9 es Servicio?<\/strong><\/p>\n\n\n\n<p>Actividad que brinda un ente p\u00fablico de car\u00e1cter potestativo, general, material o no material, continuo y disponible para personas f\u00edsicas o morales del sector privado que tienen por objeto satisfacer una necesidad p\u00fablica;<\/p>\n\n\n\n<p>&nbsp;<strong>\u00bfCu\u00e1les son las Herramientas de Mejora Regulatoria?<\/strong><\/p>\n\n\n\n<ol class=\"wp-block-list\"><li>El Cat\u00e1logo de Regulaciones, Tr\u00e1mites y Servicios<\/li><li>La Agenda Regulatoria<\/li><li>El An\u00e1lisis de Impacto Regulatorio<\/li><li>Los Programas de Mejora Regulatoria<\/li><li>Las Encuestas, Informaci\u00f3n Estad\u00edstica y Evaluaci\u00f3n en materia de Mejora Regulatoria<\/li><\/ol>\n\n\n\n<p><strong>\u00bfQu\u00e9 son acciones de Simplificaci\u00f3n?<\/strong><\/p>\n\n\n\n<p>Son las acciones administrativas o jur\u00eddicas realizadas por los Sujetos Obligados, tendientes a reducir el Costo Social Total de los tr\u00e1mites o servicios que brindan a los distintos usuarios.<\/p>\n\n\n\n<p><strong>Que es un tr\u00e1mite o servicio Simplificado<\/strong><\/p>\n\n\n\n<p>Es el resultado de implementar una o m\u00e1s de las siguientes acciones:<\/p>\n\n\n\n<ol class=\"wp-block-list\"><li>Por su naturaleza, el tr\u00e1mite se transform\u00f3 en aviso<\/li><li>Se eliminaron requisitos<\/li><li>Se estableci\u00f3 o se redujo el plazo<\/li><li>Se redujo la periodicidad o se ampli\u00f3 la vigencia del tr\u00e1mite<\/li><li>Se implement\u00f3 alg\u00fan nivel de digitalizaci\u00f3n.<\/li><\/ol>\n","protected":false},"excerpt":{"rendered":"<p>\u00bfQu\u00e9 es la mejora regulatoria? \u00bfQu\u00e9 es la Mejora Regulatoria? Es una pol\u00edtica p\u00fablica que consiste en la&nbsp;generaci\u00f3n de normas claras, de&nbsp;tr\u00e1mites y servicios simplificados, as\u00ed como de&nbsp;instituciones eficaces&nbsp;para su creaci\u00f3n y aplicaci\u00f3n, que se orienten a obtener el mayor valor posible de los recursos disponibles y del \u00f3ptimo funcionamiento de las actividades comerciales, industriales, [&hellip;]<\/p>\n","protected":false},"author":6,"featured_media":0,"parent":0,"menu_order":0,"comment_status":"closed","ping_status":"closed","template":"","meta":{"footnotes":""},"class_list":["post-26","page","type-page","status-publish","hentry"],"_links":{"self":[{"href":"https:\/\/mejoraregulatoria.sh.guanajuato.gob.mx\/index.php\/wp-json\/wp\/v2\/pages\/26","targetHints":{"allow":["GET"]}}],"collection":[{"href":"https:\/\/mejoraregulatoria.sh.guanajuato.gob.mx\/index.php\/wp-json\/wp\/v2\/pages"}],"about":[{"href":"https:\/\/mejoraregulatoria.sh.guanajuato.gob.mx\/index.php\/wp-json\/wp\/v2\/types\/page"}],"author":[{"embeddable":true,"href":"https:\/\/mejoraregulatoria.sh.guanajuato.gob.mx\/index.php\/wp-json\/wp\/v2\/users\/6"}],"replies":[{"embeddable":true,"href":"https:\/\/mejoraregulatoria.sh.guanajuato.gob.mx\/index.php\/wp-json\/wp\/v2\/comments?post=26"}],"version-history":[{"count":1,"href":"https:\/\/mejoraregulatoria.sh.guanajuato.gob.mx\/index.php\/wp-json\/wp\/v2\/pages\/26\/revisions"}],"predecessor-version":[{"id":27,"href":"https:\/\/mejoraregulatoria.sh.guanajuato.gob.mx\/index.php\/wp-json\/wp\/v2\/pages\/26\/revisions\/27"}],"wp:attachment":[{"href":"https:\/\/mejoraregulatoria.sh.guanajuato.gob.mx\/index.php\/wp-json\/wp\/v2\/media?parent=26"}],"curies":[{"name":"wp","href":"https:\/\/api.w.org\/{rel}","templated":true}]}}