{"id":24,"date":"2020-03-23T19:20:46","date_gmt":"2020-03-23T19:20:46","guid":{"rendered":"http:\/\/172.31.108.98\/mejoraregulatoria\/?page_id=24"},"modified":"2020-03-23T19:20:47","modified_gmt":"2020-03-23T19:20:47","slug":"marco-juridico","status":"publish","type":"page","link":"https:\/\/mejoraregulatoria.sh.guanajuato.gob.mx\/index.php\/marco-juridico\/","title":{"rendered":"Marco Jur\u00eddico"},"content":{"rendered":"\n<h1 class=\"wp-block-heading\">Marco jur\u00eddico<\/h1>\n\n\n\n<p>El marco jur\u00eddico de la mejora regulatoria del Estado de Guanajuato y sus Municipios est\u00e1 fundamentado principalmente en:<\/p>\n\n\n\n<ul class=\"wp-block-list\"><li><a href=\"http:\/\/mejoraregulatoria.sh.guanajuato.gob.mx\/wp-content\/uploads\/2019\/01\/LGMR.pdf\" target=\"_blank\" rel=\"noreferrer noopener\">Ley General de Mejora Regulatoria.<\/a><\/li><li><a href=\"http:\/\/mejoraregulatoria.sh.guanajuato.gob.mx\/wp-content\/uploads\/2019\/01\/Ley_Org_nica_Poder_Ejecutivo_Edo_Gto_PO_21sep2018_FedE_4oct18.pdf\" target=\"_blank\" rel=\"noreferrer noopener\">Ley Org\u00e1nica del Poder Ejecutivo.<br><\/a><\/li><li><a href=\"http:\/\/mejoraregulatoria.sh.guanajuato.gob.mx\/wp-content\/uploads\/2019\/01\/LEY_DE_MEJORA_REGULATORIA_P_EL_EDO_DE_GTO_NUEVA_VIG_01ENE19.pdf\" target=\"_blank\" rel=\"noreferrer noopener\">Ley de Mejora Regulatoria para el Estado de Guanajuato.<br><\/a><\/li><li><a href=\"http:\/\/mejoraregulatoria.sh.guanajuato.gob.mx\/wp-content\/uploads\/2018\/09\/Reglamento-Interior-STRC.pdf\" target=\"_blank\" rel=\"noreferrer noopener\">Reglamento Interior de la Secretar\u00eda de la Transparencia y Rendici\u00f3n de Cuentas.<br><\/a><\/li><li><a href=\"http:\/\/intranet.sh.guanajuato.gob.mx\/ckeditor\/kcfinder\/upload\/files\/Leyes%20y%20reglamentos\/guia_basica.pdf\" target=\"_blank\" rel=\"noreferrer noopener\">Gu\u00eda b\u00e1sica para la elaboraci\u00f3n de la manifestaci\u00f3n de impacto regulatorio.<\/a><\/li><\/ul>\n","protected":false},"excerpt":{"rendered":"<p>Marco jur\u00eddico El marco jur\u00eddico de la mejora regulatoria del Estado de Guanajuato y sus Municipios est\u00e1 fundamentado principalmente en: Ley General de Mejora Regulatoria. Ley Org\u00e1nica del Poder Ejecutivo. Ley de Mejora Regulatoria para el Estado de Guanajuato. Reglamento Interior de la Secretar\u00eda de la Transparencia y Rendici\u00f3n de Cuentas. Gu\u00eda b\u00e1sica para la [&hellip;]<\/p>\n","protected":false},"author":6,"featured_media":0,"parent":0,"menu_order":0,"comment_status":"closed","ping_status":"closed","template":"","meta":{"footnotes":""},"class_list":["post-24","page","type-page","status-publish","hentry"],"_links":{"self":[{"href":"https:\/\/mejoraregulatoria.sh.guanajuato.gob.mx\/index.php\/wp-json\/wp\/v2\/pages\/24","targetHints":{"allow":["GET"]}}],"collection":[{"href":"https:\/\/mejoraregulatoria.sh.guanajuato.gob.mx\/index.php\/wp-json\/wp\/v2\/pages"}],"about":[{"href":"https:\/\/mejoraregulatoria.sh.guanajuato.gob.mx\/index.php\/wp-json\/wp\/v2\/types\/page"}],"author":[{"embeddable":true,"href":"https:\/\/mejoraregulatoria.sh.guanajuato.gob.mx\/index.php\/wp-json\/wp\/v2\/users\/6"}],"replies":[{"embeddable":true,"href":"https:\/\/mejoraregulatoria.sh.guanajuato.gob.mx\/index.php\/wp-json\/wp\/v2\/comments?post=24"}],"version-history":[{"count":1,"href":"https:\/\/mejoraregulatoria.sh.guanajuato.gob.mx\/index.php\/wp-json\/wp\/v2\/pages\/24\/revisions"}],"predecessor-version":[{"id":25,"href":"https:\/\/mejoraregulatoria.sh.guanajuato.gob.mx\/index.php\/wp-json\/wp\/v2\/pages\/24\/revisions\/25"}],"wp:attachment":[{"href":"https:\/\/mejoraregulatoria.sh.guanajuato.gob.mx\/index.php\/wp-json\/wp\/v2\/media?parent=24"}],"curies":[{"name":"wp","href":"https:\/\/api.w.org\/{rel}","templated":true}]}}