{"id":116,"date":"2021-10-05T14:20:04","date_gmt":"2021-10-05T14:20:04","guid":{"rendered":"http:\/\/mejoraregulatoria.sh.guanajuato.gob.mx\/?page_id=116"},"modified":"2021-10-27T16:43:08","modified_gmt":"2021-10-27T16:43:08","slug":"protesta-ciudadana","status":"publish","type":"page","link":"https:\/\/mejoraregulatoria.sh.guanajuato.gob.mx\/index.php\/protesta-ciudadana\/","title":{"rendered":"Protesta Ciudadana"},"content":{"rendered":"\n<figure class=\"wp-block-image size-full\"><img loading=\"lazy\" decoding=\"async\" width=\"1636\" height=\"445\" src=\"https:\/\/mejoraregulatoria.sh.guanajuato.gob.mx\/wp-content\/uploads\/2021\/10\/Seccion-Protesta-Ciudadana-01.png\" alt=\"\" class=\"wp-image-542\" srcset=\"https:\/\/mejoraregulatoria.sh.guanajuato.gob.mx\/wp-content\/uploads\/2021\/10\/Seccion-Protesta-Ciudadana-01.png 1636w, https:\/\/mejoraregulatoria.sh.guanajuato.gob.mx\/wp-content\/uploads\/2021\/10\/Seccion-Protesta-Ciudadana-01-300x82.png 300w, https:\/\/mejoraregulatoria.sh.guanajuato.gob.mx\/wp-content\/uploads\/2021\/10\/Seccion-Protesta-Ciudadana-01-1024x279.png 1024w, https:\/\/mejoraregulatoria.sh.guanajuato.gob.mx\/wp-content\/uploads\/2021\/10\/Seccion-Protesta-Ciudadana-01-768x209.png 768w, https:\/\/mejoraregulatoria.sh.guanajuato.gob.mx\/wp-content\/uploads\/2021\/10\/Seccion-Protesta-Ciudadana-01-1536x418.png 1536w\" sizes=\"auto, (max-width: 1636px) 100vw, 1636px\" \/><\/figure>\n\n\n\n<div class=\"wp-block-media-text alignwide has-media-on-the-right\" style=\"grid-template-columns:auto 38%\"><figure class=\"wp-block-media-text__media\"><img loading=\"lazy\" decoding=\"async\" width=\"354\" height=\"341\" src=\"http:\/\/mejoraregulatoria.sh.guanajuato.gob.mx\/wp-content\/uploads\/2021\/10\/Seccion-Protesta-Ciudadana-05.png\" alt=\"\" class=\"wp-image-879\" srcset=\"https:\/\/mejoraregulatoria.sh.guanajuato.gob.mx\/wp-content\/uploads\/2021\/10\/Seccion-Protesta-Ciudadana-05.png 354w, https:\/\/mejoraregulatoria.sh.guanajuato.gob.mx\/wp-content\/uploads\/2021\/10\/Seccion-Protesta-Ciudadana-05-300x289.png 300w\" sizes=\"auto, (max-width: 354px) 100vw, 354px\" \/><\/figure><div class=\"wp-block-media-text__content\">\n<h2 class=\"has-text-color wp-block-heading\" style=\"color:#000f9f\">\u00bfQu\u00e9 es la protesta ciudadana?<\/h2>\n\n\n\n<br>\n\n\n\n<p class=\"text-justify\">Es un <strong>mecanismo<\/strong> para obtener <strong>soluci\u00f3n a inquietudes respecto a tr\u00e1mites y servicios<\/strong> EXCLUSIVAMENTE, en un plazo m\u00e1ximo de 5 d\u00edas.<\/p>\n\n\n\n<br>\n\n\n\n<div class=\"wp-block-image\"><figure class=\"aligncenter size-large\"><a href=\"https:\/\/protestaciudadana.sh.guanajuato.gob.mx\/#\/\" target=\"_blank\" rel=\"noreferrer noopener\"><img loading=\"lazy\" decoding=\"async\" width=\"487\" height=\"75\" src=\"http:\/\/mejoraregulatoria.sh.guanajuato.gob.mx\/wp-content\/uploads\/2021\/10\/Seccion-Protesta-Ciudadana-06.png\" alt=\"\" class=\"wp-image-580\" srcset=\"https:\/\/mejoraregulatoria.sh.guanajuato.gob.mx\/wp-content\/uploads\/2021\/10\/Seccion-Protesta-Ciudadana-06.png 487w, https:\/\/mejoraregulatoria.sh.guanajuato.gob.mx\/wp-content\/uploads\/2021\/10\/Seccion-Protesta-Ciudadana-06-300x46.png 300w\" sizes=\"auto, (max-width: 487px) 100vw, 487px\" \/><\/a><\/figure><\/div>\n<\/div><\/div>\n\n\n\n<br><\/br>\n\n\n\n<div class=\"wp-block-columns is-layout-flex wp-container-core-columns-is-layout-9d6595d7 wp-block-columns-is-layout-flex\">\n<div class=\"wp-block-column is-layout-flow wp-block-column-is-layout-flow\">\n<figure class=\"wp-block-image size-large\"><a href=\"https:\/\/protestaciudadana.sh.guanajuato.gob.mx\/#\/\" target=\"_blank\" rel=\"noreferrer noopener\"><img loading=\"lazy\" decoding=\"async\" width=\"534\" height=\"351\" src=\"http:\/\/mejoraregulatoria.sh.guanajuato.gob.mx\/wp-content\/uploads\/2021\/10\/Seccion-Protesta-Ciudadana-03-1.png\" alt=\"\" class=\"wp-image-885\" srcset=\"https:\/\/mejoraregulatoria.sh.guanajuato.gob.mx\/wp-content\/uploads\/2021\/10\/Seccion-Protesta-Ciudadana-03-1.png 534w, https:\/\/mejoraregulatoria.sh.guanajuato.gob.mx\/wp-content\/uploads\/2021\/10\/Seccion-Protesta-Ciudadana-03-1-300x197.png 300w\" sizes=\"auto, (max-width: 534px) 100vw, 534px\" \/><\/a><\/figure>\n\n\n\n<p><strong>Da seguimiento a una protesta ciudadana<\/strong><\/p>\n<\/div>\n\n\n\n<div class=\"wp-block-column is-layout-flow wp-block-column-is-layout-flow\">\n<figure class=\"wp-block-image size-large\"><img loading=\"lazy\" decoding=\"async\" width=\"534\" height=\"351\" src=\"http:\/\/mejoraregulatoria.sh.guanajuato.gob.mx\/wp-content\/uploads\/2021\/10\/Seccion-Protesta-Ciudadana-04-1.png\" alt=\"\" class=\"wp-image-886\" srcset=\"https:\/\/mejoraregulatoria.sh.guanajuato.gob.mx\/wp-content\/uploads\/2021\/10\/Seccion-Protesta-Ciudadana-04-1.png 534w, https:\/\/mejoraregulatoria.sh.guanajuato.gob.mx\/wp-content\/uploads\/2021\/10\/Seccion-Protesta-Ciudadana-04-1-300x197.png 300w\" sizes=\"auto, (max-width: 534px) 100vw, 534px\" \/><\/figure>\n\n\n\n<p><strong>Descarga formato de la protesta ciudadana<\/strong><\/p>\n\n\n\n<p class=\"text-justify\">Si lo prefieres, descarga este formato, ll\u00e9nalo y pres\u00e9ntalo ante la autoridad de mejora regulatoria.<\/p>\n\n\n\n<div class=\"wp-block-file\"><a href=\"http:\/\/mejoraregulatoria.sh.guanajuato.gob.mx\/wp-content\/uploads\/2021\/10\/FormatoProtesta.pdf\" target=\"_blank\" rel=\"noreferrer noopener\">Formato Protesta<\/a><a href=\"http:\/\/mejoraregulatoria.sh.guanajuato.gob.mx\/wp-content\/uploads\/2021\/10\/FormatoProtesta.pdf\" class=\"wp-block-file__button\" download>Descarga<\/a><\/div>\n<\/div>\n\n\n\n<div class=\"wp-block-column is-layout-flow wp-block-column-is-layout-flow\">\n<figure class=\"wp-block-image size-large\"><a href=\"https:\/\/sh.guanajuato.gob.mx\/reporteciudadano\/\" target=\"_blank\" rel=\"noreferrer noopener\"><img loading=\"lazy\" decoding=\"async\" width=\"534\" height=\"351\" src=\"http:\/\/mejoraregulatoria.sh.guanajuato.gob.mx\/wp-content\/uploads\/2021\/10\/Seccion-Protesta-Ciudadana-02-1.png\" alt=\"\" class=\"wp-image-884\" srcset=\"https:\/\/mejoraregulatoria.sh.guanajuato.gob.mx\/wp-content\/uploads\/2021\/10\/Seccion-Protesta-Ciudadana-02-1.png 534w, https:\/\/mejoraregulatoria.sh.guanajuato.gob.mx\/wp-content\/uploads\/2021\/10\/Seccion-Protesta-Ciudadana-02-1-300x197.png 300w\" sizes=\"auto, (max-width: 534px) 100vw, 534px\" \/><\/a><\/figure>\n\n\n\n<p><strong>Reporte ciudadano<\/strong><\/p>\n\n\n\n<p class=\"text-justify\">Denuncia a servidores p\u00fablicos de la administraci\u00f3n p\u00fablica estatal que hayan cometido infracciones.<\/p>\n<\/div>\n<\/div>\n","protected":false},"excerpt":{"rendered":"<p>Da seguimiento a una protesta ciudadana Descarga formato de la protesta ciudadana Si lo prefieres, descarga este formato, ll\u00e9nalo y pres\u00e9ntalo ante la autoridad de mejora regulatoria. Reporte ciudadano Denuncia a servidores p\u00fablicos de la administraci\u00f3n p\u00fablica estatal que hayan cometido infracciones.<\/p>\n","protected":false},"author":4,"featured_media":0,"parent":0,"menu_order":0,"comment_status":"closed","ping_status":"closed","template":"","meta":{"footnotes":""},"class_list":["post-116","page","type-page","status-publish","hentry"],"_links":{"self":[{"href":"https:\/\/mejoraregulatoria.sh.guanajuato.gob.mx\/index.php\/wp-json\/wp\/v2\/pages\/116","targetHints":{"allow":["GET"]}}],"collection":[{"href":"https:\/\/mejoraregulatoria.sh.guanajuato.gob.mx\/index.php\/wp-json\/wp\/v2\/pages"}],"about":[{"href":"https:\/\/mejoraregulatoria.sh.guanajuato.gob.mx\/index.php\/wp-json\/wp\/v2\/types\/page"}],"author":[{"embeddable":true,"href":"https:\/\/mejoraregulatoria.sh.guanajuato.gob.mx\/index.php\/wp-json\/wp\/v2\/users\/4"}],"replies":[{"embeddable":true,"href":"https:\/\/mejoraregulatoria.sh.guanajuato.gob.mx\/index.php\/wp-json\/wp\/v2\/comments?post=116"}],"version-history":[{"count":30,"href":"https:\/\/mejoraregulatoria.sh.guanajuato.gob.mx\/index.php\/wp-json\/wp\/v2\/pages\/116\/revisions"}],"predecessor-version":[{"id":1346,"href":"https:\/\/mejoraregulatoria.sh.guanajuato.gob.mx\/index.php\/wp-json\/wp\/v2\/pages\/116\/revisions\/1346"}],"wp:attachment":[{"href":"https:\/\/mejoraregulatoria.sh.guanajuato.gob.mx\/index.php\/wp-json\/wp\/v2\/media?parent=116"}],"curies":[{"name":"wp","href":"https:\/\/api.w.org\/{rel}","templated":true}]}}